{"id":2356,"date":"2021-02-24T16:04:58","date_gmt":"2021-02-24T15:04:58","guid":{"rendered":"https:\/\/www.igb.cnr.it\/?page_id=2356"},"modified":"2023-09-20T13:02:46","modified_gmt":"2023-09-20T11:02:46","slug":"dario-de-cesare","status":"publish","type":"page","link":"https:\/\/www.igb.cnr.it\/index.php\/dario-de-cesare\/","title":{"rendered":"Dario De Cesare"},"content":{"rendered":"\t\t<div data-elementor-type=\"wp-post\" data-elementor-id=\"2356\" class=\"elementor elementor-2356\" data-elementor-settings=\"{&quot;ha_cmc_init_switcher&quot;:&quot;no&quot;}\">\n\t\t\t\t\t\t<section class=\"elementor-section elementor-top-section elementor-element elementor-element-3a5417cf elementor-section-boxed elementor-section-height-default elementor-section-height-default\" data-id=\"3a5417cf\" data-element_type=\"section\" data-e-type=\"section\" data-settings=\"{&quot;_ha_eqh_enable&quot;:false}\">\n\t\t\t\t\t\t<div class=\"elementor-container elementor-column-gap-default\">\n\t\t\t\t\t<div class=\"elementor-column elementor-col-33 elementor-top-column elementor-element elementor-element-14d5cba8\" data-id=\"14d5cba8\" data-element_type=\"column\" data-e-type=\"column\">\n\t\t\t<div class=\"elementor-widget-wrap elementor-element-populated\">\n\t\t\t\t\t\t<div class=\"elementor-element elementor-element-477f5292 elementor-widget elementor-widget-bdt-member\" data-id=\"477f5292\" data-element_type=\"widget\" data-e-type=\"widget\" data-settings=\"{&quot;_animation&quot;:&quot;none&quot;}\" data-widget_type=\"bdt-member.bdt-phaedra\">\n\t\t\t\t<div class=\"elementor-widget-container\">\n\t\t\t\t\t\t\t<div class=\"bdt-member skin-phaedra bdt-transition-toggle\">\n\t\t\t\n\t\t\t\t<div class=\"bdt-member-photo-wrapper\">\n\n\t\t\t\t\t\n\t\t\t\t\t<div class=\"bdt-member-photo\">\n\t\t\t\t\t\t<div class=\"\">\n\t\t\t\t\t\t\t<img decoding=\"async\" src=\"https:\/\/www.igb.cnr.it\/wp-content\/uploads\/2021\/10\/DSC_0186.jpg\" title=\"DSC_0186\" alt=\"DSC_0186\" loading=\"lazy\" \/>\t\t\t\t\t\t<\/div>\n\t\t\t\t\t<\/div>\n\n\t\t\t\t<\/div>\n\n\t\t\t\n\t\t\t<div class=\"bdt-member-overlay bdt-overlay-default bdt-position-cover bdt-transition-fade bdt-position-z-index\">\n\t\t\t\t<div class=\"bdt-member-desc bdt-position-center bdt-text-center\">\n\t\t\t\t\t<div class=\"bdt-member-content bdt-transition-slide-top-small\">\n\t\t\t\t\t\t\t\t\t\t\t\t\t\t\t\t\t<\/div>\n\n\t\t\t\t\t\n\t\t\t\t<\/div>\n\t\t\t<\/div>\n\t\t<\/div>\n\t\t\t\t\t\t<\/div>\n\t\t\t\t<\/div>\n\t\t\t\t\t<\/div>\n\t\t<\/div>\n\t\t\t\t<div class=\"elementor-column elementor-col-66 elementor-top-column elementor-element elementor-element-2539be77\" data-id=\"2539be77\" data-element_type=\"column\" data-e-type=\"column\">\n\t\t\t<div class=\"elementor-widget-wrap elementor-element-populated\">\n\t\t\t\t\t\t<div class=\"elementor-element elementor-element-383b364a elementor-widget elementor-widget-heading\" data-id=\"383b364a\" data-element_type=\"widget\" data-e-type=\"widget\" data-widget_type=\"heading.default\">\n\t\t\t\t<div class=\"elementor-widget-container\">\n\t\t\t\t\t<h2 class=\"elementor-heading-title elementor-size-default\">Dario De Cesare<\/h2>\t\t\t\t<\/div>\n\t\t\t\t<\/div>\n\t\t\t\t<div class=\"elementor-element elementor-element-1953a251 elementor-widget elementor-widget-text-editor\" data-id=\"1953a251\" data-element_type=\"widget\" data-e-type=\"widget\" data-widget_type=\"text-editor.default\">\n\t\t\t\t<div class=\"elementor-widget-container\">\n\t\t\t\t\t\t\t\t\t<h3><strong><span style=\"color: #006293\">Senior Researcher<br \/><\/span><\/strong><\/h3><div><div><p><strong><img decoding=\"async\" class=\"alignnone wp-image-2318\" src=\"http:\/\/www.igb.cnr.it\/wp-content\/uploads\/2021\/02\/Telefono-icona.png\" alt=\"\" width=\"17\" height=\"17\" srcset=\"https:\/\/www.igb.cnr.it\/wp-content\/uploads\/2021\/02\/Telefono-icona.png 512w, https:\/\/www.igb.cnr.it\/wp-content\/uploads\/2021\/02\/Telefono-icona-300x300.png 300w, https:\/\/www.igb.cnr.it\/wp-content\/uploads\/2021\/02\/Telefono-icona-150x150.png 150w, https:\/\/www.igb.cnr.it\/wp-content\/uploads\/2021\/02\/Telefono-icona-270x250.png 270w, https:\/\/www.igb.cnr.it\/wp-content\/uploads\/2021\/02\/Telefono-icona-510x510.png 510w\" sizes=\"(max-width: 17px) 100vw, 17px\" \/> + 39 081 6132315 <img decoding=\"async\" class=\"alignnone wp-image-2317\" src=\"http:\/\/www.igb.cnr.it\/wp-content\/uploads\/2021\/02\/email-icona.png\" alt=\"\" width=\"19\" height=\"19\" srcset=\"https:\/\/www.igb.cnr.it\/wp-content\/uploads\/2021\/02\/email-icona.png 512w, https:\/\/www.igb.cnr.it\/wp-content\/uploads\/2021\/02\/email-icona-300x300.png 300w, https:\/\/www.igb.cnr.it\/wp-content\/uploads\/2021\/02\/email-icona-150x150.png 150w, https:\/\/www.igb.cnr.it\/wp-content\/uploads\/2021\/02\/email-icona-270x250.png 270w, https:\/\/www.igb.cnr.it\/wp-content\/uploads\/2021\/02\/email-icona-510x510.png 510w\" sizes=\"(max-width: 19px) 100vw, 19px\" \/> dario.decesare@igb.cnr.it<\/strong><\/p><p class=\"elementor-heading-title elementor-size-default\"><span style=\"color: #000000\"><strong><span class=\"cretive-button-text\">Embryonic Development and Biology of Stem Cells<\/span><\/strong><\/span><\/p><p><strong>Keywords: Stem Cells\/Differentiation, Metabolism, Molecular and Cell Biology<\/strong><\/p><\/div><\/div>\t\t\t\t\t\t\t\t<\/div>\n\t\t\t\t<\/div>\n\t\t\t\t<div class=\"elementor-element elementor-element-0efe9a6 e-grid-align-left elementor-shape-rounded elementor-grid-0 elementor-widget elementor-widget-social-icons\" data-id=\"0efe9a6\" data-element_type=\"widget\" data-e-type=\"widget\" data-widget_type=\"social-icons.default\">\n\t\t\t\t<div class=\"elementor-widget-container\">\n\t\t\t\t\t\t\t<div class=\"elementor-social-icons-wrapper elementor-grid\" role=\"list\">\n\t\t\t\t\t\t\t<span class=\"elementor-grid-item\" role=\"listitem\">\n\t\t\t\t\t<a class=\"elementor-icon elementor-social-icon elementor-social-icon-twitter elementor-animation-grow-rotate elementor-repeater-item-6344322\" href=\"https:\/\/twitter.com\/DarioDeCesare1\" target=\"_blank\">\n\t\t\t\t\t\t<span class=\"elementor-screen-only\">Twitter<\/span>\n\t\t\t\t\t\t<i aria-hidden=\"true\" class=\"fab fa-twitter\"><\/i>\t\t\t\t\t<\/a>\n\t\t\t\t<\/span>\n\t\t\t\t\t\t\t<span class=\"elementor-grid-item\" role=\"listitem\">\n\t\t\t\t\t<a class=\"elementor-icon elementor-social-icon elementor-social-icon- elementor-animation-grow-rotate elementor-repeater-item-021f1e1\" href=\"https:\/\/scholar.google.co.uk\/citations?hl=en&#038;user=IAfhgRoAAAAJ\" target=\"_blank\">\n\t\t\t\t\t\t<span class=\"elementor-screen-only\"><\/span>\n\t\t\t\t\t\t<svg xmlns=\"http:\/\/www.w3.org\/2000\/svg\" fill=\"#000000\" viewBox=\"0 0 50 50\" width=\"100px\" height=\"100px\"><path d=\"M 25 2 C 12.309534 2 2 12.309534 2 25 C 2 37.690466 12.309534 48 25 48 C 37.690466 48 48 37.690466 48 25 C 48 12.309534 37.690466 2 25 2 z M 25 4 C 36.609534 4 46 13.390466 46 25 C 46 36.609534 36.609534 46 25 46 C 13.390466 46 4 36.609534 4 25 C 4 13.390466 13.390466 4 25 4 z M 21 11 L 11 20 L 17.78125 20 C 17.80125 22.847 19.967531 25.730469 23.769531 25.730469 C 24.129531 25.730469 24.529688 25.690391 24.929688 25.650391 C 24.749688 26.100391 24.560547 26.470078 24.560547 27.080078 C 24.560547 28.230078 25.140391 28.920078 25.650391 29.580078 C 24.020391 29.690078 20.989766 29.879531 18.759766 31.269531 C 16.629766 32.559531 15.980469 34.43 15.980469 35.75 C 15.980469 38.47 18.500469 41 23.730469 41 C 29.930469 41 33.220703 37.510547 33.220703 34.060547 C 33.220703 31.530547 31.779453 30.279922 30.189453 28.919922 L 28.900391 27.890625 C 28.500391 27.570625 27.949219 27.120312 27.949219 26.320312 C 27.949219 25.510313 28.500703 24.989766 28.970703 24.509766 C 30.480703 23.309766 32 21.960234 32 19.240234 C 32 18.197234 31.756203 17.348391 31.408203 16.650391 L 35 13.570312 L 35 17.277344 C 34.405 17.623344 34 18.261 34 19 L 34 25 C 34 26.104 34.896 27 36 27 C 37.104 27 38 26.104 38 25 L 38 19 C 38 18.262 37.595 17.624344 37 17.277344 L 37 12 C 37 11.957 36.980609 11.920906 36.974609 11.878906 L 38 11 L 21 11 z M 24.269531 14.240234 C 27.269531 14.240234 28.820312 18.35 28.820312 21 C 28.820312 21.65 28.739922 22.819922 27.919922 23.669922 C 27.339922 24.259922 26.370938 24.699219 25.460938 24.699219 C 22.370938 24.699219 20.949219 20.620156 20.949219 18.160156 C 20.949219 17.210156 21.14 16.220938 21.75 15.460938 C 22.33 14.710938 23.339531 14.240234 24.269531 14.240234 z M 26.039062 30.609375 C 26.409063 30.609375 26.590859 30.610391 26.880859 30.650391 C 29.620859 32.630391 30.800781 33.620234 30.800781 35.490234 C 30.800781 37.760234 28.97 39.460938 25.5 39.460938 C 21.64 39.460938 19.160156 37.590469 19.160156 34.980469 C 19.160156 32.370469 21.459766 31.499219 22.259766 31.199219 C 23.769766 30.679219 25.719062 30.609375 26.039062 30.609375 z\"><\/path><\/svg>\t\t\t\t\t<\/a>\n\t\t\t\t<\/span>\n\t\t\t\t\t<\/div>\n\t\t\t\t\t\t<\/div>\n\t\t\t\t<\/div>\n\t\t\t\t\t<\/div>\n\t\t<\/div>\n\t\t\t\t\t<\/div>\n\t\t<\/section>\n\t\t\t\t<section class=\"elementor-section elementor-top-section elementor-element elementor-element-5bd4e987 elementor-section-boxed elementor-section-height-default elementor-section-height-default\" data-id=\"5bd4e987\" data-element_type=\"section\" data-e-type=\"section\" data-settings=\"{&quot;_ha_eqh_enable&quot;:false}\">\n\t\t\t\t\t\t<div class=\"elementor-container elementor-column-gap-default\">\n\t\t\t\t\t<div class=\"elementor-column elementor-col-100 elementor-top-column elementor-element elementor-element-30c2aa28\" data-id=\"30c2aa28\" data-element_type=\"column\" data-e-type=\"column\">\n\t\t\t<div class=\"elementor-widget-wrap elementor-element-populated\">\n\t\t\t\t\t\t<div class=\"elementor-element elementor-element-7f78793b elementor-widget elementor-widget-eael-adv-tabs\" data-id=\"7f78793b\" data-element_type=\"widget\" data-e-type=\"widget\" data-widget_type=\"eael-adv-tabs.default\">\n\t\t\t\t<div class=\"elementor-widget-container\">\n\t\t\t\t\t        <div data-scroll-on-click=\"no\" data-scroll-speed=\"300\" id=\"eael-advance-tabs-7f78793b\" class=\"eael-advance-tabs eael-tabs-horizontal eael-tab-auto-active \" data-tabid=\"7f78793b\">\n            <div class=\"eael-tabs-nav\">\n                <ul class=\"\" role=\"tablist\">\n                                            <li id=\"research-interest\" class=\"inactive eael-tab-item-trigger eael-tab-nav-item\" aria-selected=\"true\" data-tab=\"1\" role=\"tab\" tabindex=\"0\" aria-controls=\"research-interest-tab\" aria-expanded=\"false\">\n                            \n                            \n                            \n                                                            <span class=\"eael-tab-title title-after-icon\" >Research Interest<\/span>                                                    <\/li>\n                                            <li id=\"selected-publications\" class=\"inactive eael-tab-item-trigger eael-tab-nav-item\" aria-selected=\"false\" data-tab=\"2\" role=\"tab\" tabindex=\"-1\" aria-controls=\"selected-publications-tab\" aria-expanded=\"false\">\n                            \n                            \n                            \n                                                            <span class=\"eael-tab-title title-after-icon\" >Selected Publications<\/span>                                                    <\/li>\n                                            <li id=\"professional-experience\" class=\"inactive eael-tab-item-trigger eael-tab-nav-item\" aria-selected=\"false\" data-tab=\"3\" role=\"tab\" tabindex=\"-1\" aria-controls=\"professional-experience-tab\" aria-expanded=\"false\">\n                            \n                            \n                            \n                                                            <span class=\"eael-tab-title title-after-icon\" >Professional Experience<\/span>                                                    <\/li>\n                                    <\/ul>\n            <\/div>\n            \n            <div class=\"eael-tabs-content\">\n\t\t        \n                    <div id=\"research-interest-tab\" class=\"clearfix eael-tab-content-item inactive\" data-title-link=\"research-interest-tab\">\n\t\t\t\t        <dl class=\"enableFormTabbing\"><dd id=\"fieldset-provatab\" class=\"formPanel\"><div id=\"content-core\"><p style=\"text-align: left\">During my career, I have worked on research programmes focused on transcriptional regulation, oncogene expression, signal transduction and gene expression, in both physiological and pathological processes, such as spermatogenesis and Coffin-Lowry syndrome. Since 2004, I am responsible, within the Stem Cell Fat (SCF) Lab research activity, for the generation of GFP-engineered stem cell lines that we have utilized: a) in high throughput screening technologies for the finding of molecules able to modulate ES cell proliferation and differentiation. \u00a0In order to monitor both cardiac and neural differentiation, we have chosen: a) the MLC-2v promoter, a DNA regulatory region upstream of the gene encoding the Myosin Light Chain conferring heart specific expression; b) the neuro-specific enhancer element of the nestin gene and the promoter region of the gene encoding the T\u03b11-Tubulin product, to monitor neural differentiation; c) the \u03b2-actin promoter to monitor cell proliferation.<\/p><\/div><\/dd><\/dl>                    <\/div>\n\t\t        \n                    <div id=\"selected-publications-tab\" class=\"clearfix eael-tab-content-item inactive\" data-title-link=\"selected-publications-tab\">\n\t\t\t\t        <p><a href=\"https:\/\/pubmed.ncbi.nlm.nih.gov\/33482102\/\">Gastruloid Development Competence Discriminates Different States of Pluripotency. <\/a>Cermola F, D&#8217;Aniello C, Tat\u00e8 R, <strong>De Cesare D<\/strong>, Martinez-Arias A, Minchiotti G,\u00a0Patriarca EJ. Stem Cell Reports. 2021 Feb 9;16(2):354-369.<\/p><p><a href=\"https:\/\/pubmed.ncbi.nlm.nih.gov\/34458276\/\">The Multifaceted Roles of Proline in Cell Behavior.<\/a> Patriarca EJ, Cermola F, D&#8217;Aniello C, Fico A, Guardiola O, <strong>De Cesare D<\/strong>, Minchiotti G. Front Cell Dev Biol. 2021 Aug 12;9:728576.<\/p><p><a href=\"https:\/\/pubmed.ncbi.nlm.nih.gov\/31061065\/\">Collagen Prolyl Hydroxylation-Dependent Metabolic Perturbation Governs Epigenetic Remodeling and Mesenchymal Transition in Pluripotent and Cancer Cells.<\/a> D&#8217;Aniello C, Cermola F, Palamidessi A, Wanderlingh LG, Gagliardi M, Migliaccio A, Varrone F, Casalino L, Matarazzo MR, <strong>De Cesare D<\/strong>, Scita G,\u00a0Patriarca EJ<strong>,<\/strong> Minchiotti G. Cancer Res. 2019 Jul 1;79(13):3235-3250.\u00a0<\/p><p><a href=\"https:\/\/pubmed.ncbi.nlm.nih.gov\/28017658\/\">Vitamin C and l-Proline Antagonistic Effects Capture Alternative States in the Pluripotency Continuum. <\/a>D&#8217;Aniello C, Habibi E, Cermola F, Paris D, Russo F, Fiorenzano A, Di Napoli G, Melck DJ, Cobellis G, Angelini C, Fico A, Blelloch R, Motta A, Stunnenberg HG, <strong>De Cesare D<\/strong>,\u00a0Patriarca EJ, Minchiotti G. Stem Cell Reports. 2017 Jan 10;8(1):1-10.<\/p><p><a href=\"https:\/\/pubmed.ncbi.nlm.nih.gov\/25857264\/\">A novel autoregulatory loop between the Gcn2-Atf4 pathway and (L)-Proline [corrected] metabolism controls stem cell identity.<\/a> D&#8217;Aniello C, Fico A, Casalino L, Guardiola O, Di Napoli G, Cermola F, <strong>De Cesare D<\/strong>, Tat\u00e8 R, Cobellis G,\u00a0Patriarca EJ, Minchiotti G. Cell Death Differ. 2015 Jul;22(7):1094-105.<\/p><p><a href=\"https:\/\/pubmed.ncbi.nlm.nih.gov\/24319666\/\">L-Proline induces a mesenchymal-like invasive program in embryonic stem cells by remodeling H3K9 and H3K36 methylation.<\/a> Comes S, Gagliardi M, Laprano N, Fico A, Cimmino A, Palamidessi A, <strong>De Cesare D<\/strong>, De Falco S, Angelini C, Scita G,\u00a0Patriarca EJ, Matarazzo MR, Minchiotti G. Stem Cell Reports. 2013 Oct 10;1(4):307-21.\u00a0<\/p><p><a class=\"docsum-title\" href=\"https:\/\/pubmed.ncbi.nlm.nih.gov\/21553282\/\" data-ga-category=\"result_click\" data-ga-action=\"2\" data-ga-label=\"21553282\" data-full-article-url=\"from_term=minchiotti+g&amp;from_filter=years.2012-2012&amp;from_pos=2\" data-article-id=\"21553282\">An automated high throughput screening-compatible assay to identify regulators of stem cell neural differentiation. <\/a><span class=\"docsum-authors full-authors\">Casalino L, Magnani D, De Falco S, Filosa S, Minchiotti G, Patriarca EJ, <strong>De Cesare D<\/strong>.\u00a0<\/span><span class=\"docsum-journal-citation full-journal-citation\">Mol Biotechnol. 2012 Mar;50(3):171-80.<\/span><\/p><p><a href=\"https:\/\/pubmed.ncbi.nlm.nih.gov\/21307025\/\">Control of embryonic stem cell metastability by L-proline catabolism.<\/a> Casalino L, Comes S, Lambazzi G, De Stefano B, Filosa S, De Falco S, <strong>De<\/strong> <strong>Cesare D<\/strong>, Minchiotti G,\u00a0Patriarca EJ. J Mol Cell Biol. 2011 Apr;3(2):108-22.\u00a0<\/p><p><a class=\"docsum-title\" href=\"https:\/\/pubmed.ncbi.nlm.nih.gov\/15247423\/\" data-ga-category=\"result_click\" data-ga-action=\"1\" data-ga-label=\"15247423\" data-full-article-url=\"from_term=De+Cesare+D&amp;from_filter=years.2004-2004&amp;from_pos=1\" data-article-id=\"15247423\">Abnormal sperm in mice with targeted deletion of the act (activator of cAMP-responsive element modulator in testis) gene. <\/a><span class=\"docsum-authors full-authors\">Kotaja N, <b>De Cesare D<\/b>, Macho B, Monaco L, Brancorsini S, Goossens E, Tournaye H, Gansmuller A, Sassone-Corsi P.<\/span><span class=\"docsum-journal-citation full-journal-citation\">Proc Natl Acad Sci U S A. 2004 Jul 20;101(29):10620-5. doi: 10.1073\/pnas.0401947101. Epub 2004 Jul 9.<\/span><\/p><p><a class=\"docsum-title\" href=\"https:\/\/pubmed.ncbi.nlm.nih.gov\/14512522\/\" data-ga-category=\"result_click\" data-ga-action=\"3\" data-ga-label=\"14512522\" data-full-article-url=\"from_term=De+Cesare+D&amp;from_filter=years.2003-2003&amp;from_pos=3\" data-article-id=\"14512522\">Transcriptional control in male germ cells: general factor TFIIA participates in CREM-dependent gene activation. <\/a><span class=\"docsum-authors full-authors\"><b>De Cesare D<\/b>, Fimia GM, Brancorsini S, Parvinen M, Sassone-Corsi P.<\/span><span class=\"docsum-journal-citation full-journal-citation\">Mol Endocrinol. 2003 Dec;17(12):2554-65.<\/span><\/p><p><a class=\"docsum-title\" href=\"https:\/\/pubmed.ncbi.nlm.nih.gov\/10390618\/\" data-ga-category=\"result_click\" data-ga-action=\"1\" data-ga-label=\"10390618\" data-full-article-url=\"from_term=De+Cesare+D&amp;from_filter=years.1999-1999&amp;from_pos=1\" data-article-id=\"10390618\">Signaling routes to CREM and CREB: plasticity in transcriptional activation. <\/a><span class=\"docsum-authors full-authors\"><b>De Cesare D<\/b>, Fimia GM, Sassone-Corsi P.<\/span><span class=\"docsum-journal-citation full-journal-citation\">Trends Biochem Sci. 1999 Jul;24(7):281-5.<\/span><\/p><p><a class=\"docsum-title\" href=\"https:\/\/pubmed.ncbi.nlm.nih.gov\/10086359\/\" data-ga-category=\"result_click\" data-ga-action=\"2\" data-ga-label=\"10086359\" data-full-article-url=\"from_term=De+Cesare+D&amp;from_filter=years.1999-1999&amp;from_pos=2\" data-article-id=\"10086359\">CBP-independent activation of CREM and CREB by the LIM-only protein ACT. <\/a><span class=\"docsum-authors full-authors\">Fimia GM, <b>De Cesare D<\/b>, Sassone-Corsi P.\u00a0<\/span><span class=\"docsum-journal-citation full-journal-citation\">Nature. 1999 Mar 11;398(6723):165-9.<\/span><\/p><p><a class=\"docsum-title\" href=\"https:\/\/pubmed.ncbi.nlm.nih.gov\/9770464\/\" data-ga-category=\"result_click\" data-ga-action=\"4\" data-ga-label=\"9770464\" data-full-article-url=\"from_term=De+Cesare+D&amp;from_filter=years.1998-1998&amp;from_pos=4\" data-article-id=\"9770464\">Rsk-2 activity is necessary for epidermal growth factor-induced phosphorylation of CREB protein and transcription of c-fos gene. <\/a><span class=\"docsum-authors full-authors\"><b>De Cesare D<\/b>, Jacquot S, Hanauer A, Sassone-Corsi P.\u00a0<\/span><span class=\"docsum-journal-citation full-journal-citation\">Proc Natl Acad Sci U S A. 1998 Oct 13;95(21):12202-7.<\/span><\/p><p><a class=\"docsum-title\" href=\"https:\/\/pubmed.ncbi.nlm.nih.gov\/8955270\/\" data-ga-category=\"result_click\" data-ga-action=\"1\" data-ga-label=\"8955270\" data-full-article-url=\"from_term=De+Cesare+D&amp;from_filter=years.1996-1996&amp;from_pos=1\" data-article-id=\"8955270\">Mutations in the kinase Rsk-2 associated with Coffin-Lowry syndrome. <\/a><span class=\"docsum-authors full-authors\">Trivier E, <b>De Cesare D<\/b>, Jacquot S, Pannetier S, Zackai E, Young I, Mandel JL, Sassone-Corsi P, Hanauer A.<\/span><span class=\"docsum-journal-citation full-journal-citation\">Nature. 1996 Dec 12;384(6609):567-70.<\/span><\/p><p><a class=\"docsum-title\" href=\"https:\/\/pubmed.ncbi.nlm.nih.gov\/9000129\/\" data-ga-category=\"result_click\" data-ga-action=\"3\" data-ga-label=\"9000129\" data-full-article-url=\"from_term=De+Cesare+D&amp;from_filter=years.1996-1996&amp;from_pos=3\" data-article-id=\"9000129\">Functional characterization of COM, a DNA region required for cooperation between AP-1 sites in urokinase gene transcription. <\/a><span class=\"docsum-authors full-authors\"><b>De Cesare D<\/b>, Palazzolo M, Blasi F.<\/span><span class=\"docsum-journal-citation full-journal-citation\">Oncogene. 1996 Dec 19;13(12):2551-62.<\/span><\/p>                    <\/div>\n\t\t        \n                    <div id=\"professional-experience-tab\" class=\"clearfix eael-tab-content-item inactive\" data-title-link=\"professional-experience-tab\">\n\t\t\t\t        <p><strong>Education<\/strong>:<br \/>1990: Degree in Biological Sciences at the University of Naples (Italy), summa cum laude.<br \/>1996: Ph.D. in Genetic Sciences at the University of Milan (Italy).<br \/><br \/><strong>Research appointments<\/strong>: <br \/>2008 \u2013 present: coordinator of IGB Informatics Core, responsible of IGB website.<br \/>2004-present: Co-founder of the Stem Cell Fate Laboratory at the IGB-ABT, CNR.<br \/>2003: Short term EMBO fellowship to work as a visiting scientist in the laboratory directed by Paolo Sassone-Corsi at IGBMC, Strasbourg (France).<br \/>2001- present: Research Scientist at IGB-ABT, CNR, Naples, Italy.<br \/>2000: winner of a Career Project position from Telethon italian foundation as Assistant Telethon Scientist.<br \/>2001-1996: post-doctoral stage in the group headed by Dr. Paolo Sassone-Corsi at the IGBMC (Institut de G\u00e9n\u00e9tique et Biologie Mol\u00e9culaire et Cellulaire; Strasbourg-France). <br \/>1999: recipient of a fellowship from a french foundation for medical research (Fondation pour la Recherche Medicale). <br \/>1998: recipient of a fellowship from a french foundation for cancer research (Ligue Nationale contre le Cancer).<br \/>1998-1996: TMR (Training and Mobility of Researchers) EU\u00a0fellow at IGBMC.<br \/>1996-1993: Ph.D. training programme in Genetic Sciences at the University of Milan (Italy). Supervisor: Prof. Francesco Blasi. Thesis title: &#8220;Characterization of a novel regulatory element in the enhancer of the human urokinase gene&#8221;.<\/p><p><strong>Courses co-organizer:<\/strong><\/p><ul><li>2006\u00a0\u00a0 \u00a0Stem Cell Differentiation Training Course, 1st edition, IGB, Naples, Italy<\/li><li>2007\u00a0\u00a0 \u00a0Stem Cell Differentiation Training Course, 2nd edition, IGB, Naples, Italy<\/li><li>2008\u00a0\u00a0 \u00a0Stem Cell Differentiation Training Course, 3rd edition, IGB, Naples, Italy<\/li><li>2009\u00a0\u00a0 \u00a0Stem Cell Differentiation Training Course, 4th edition, IGB, Naples, Italy<\/li><li>2010\u00a0\u00a0\u00a0 Stem Cell Differentiation Training Course, 5th Edition, IGB, Naples, Italy<\/li><li>2011\u00a0\u00a0\u00a0 Stem Cell Differentiation Training Course, 6th Edition, IGB, Naples, Italy<\/li><\/ul><p><br \/><strong>Ad hoc reviewer:<\/strong><br \/>J. of Andrology,\u00a0Molecular Biothecnology, Cell Death and Disease<\/p>                    <\/div>\n\t\t                    <\/div>\n        <\/div>\n\t\t\t\t<\/div>\n\t\t\t\t<\/div>\n\t\t\t\t\t<\/div>\n\t\t<\/div>\n\t\t\t\t\t<\/div>\n\t\t<\/section>\n\t\t\t\t<\/div>\n\t\t","protected":false},"excerpt":{"rendered":"<p>Dario De Cesare Senior Researcher + 39 081 6132315 dario.decesare@igb.cnr.it Embryonic Development and Biology of Stem Cells Keywords: Stem Cells\/Differentiation, Metabolism, Molecular and Cell Biology Twitter Research Interest Selected Publications Professional Experience During my career, I have worked on research programmes focused on transcriptional regulation, oncogene expression, signal transduction and gene expression, in both physiological [&hellip;]<\/p>\n","protected":false},"author":9,"featured_media":0,"parent":0,"menu_order":0,"comment_status":"closed","ping_status":"closed","template":"","meta":{"cybocfi_hide_featured_image":"","footnotes":""},"class_list":["post-2356","page","type-page","status-publish","czr-hentry"],"_links":{"self":[{"href":"https:\/\/www.igb.cnr.it\/index.php\/wp-json\/wp\/v2\/pages\/2356","targetHints":{"allow":["GET"]}}],"collection":[{"href":"https:\/\/www.igb.cnr.it\/index.php\/wp-json\/wp\/v2\/pages"}],"about":[{"href":"https:\/\/www.igb.cnr.it\/index.php\/wp-json\/wp\/v2\/types\/page"}],"author":[{"embeddable":true,"href":"https:\/\/www.igb.cnr.it\/index.php\/wp-json\/wp\/v2\/users\/9"}],"replies":[{"embeddable":true,"href":"https:\/\/www.igb.cnr.it\/index.php\/wp-json\/wp\/v2\/comments?post=2356"}],"version-history":[{"count":80,"href":"https:\/\/www.igb.cnr.it\/index.php\/wp-json\/wp\/v2\/pages\/2356\/revisions"}],"predecessor-version":[{"id":15941,"href":"https:\/\/www.igb.cnr.it\/index.php\/wp-json\/wp\/v2\/pages\/2356\/revisions\/15941"}],"wp:attachment":[{"href":"https:\/\/www.igb.cnr.it\/index.php\/wp-json\/wp\/v2\/media?parent=2356"}],"curies":[{"name":"wp","href":"https:\/\/api.w.org\/{rel}","templated":true}]}}