{"id":6385,"date":"2021-09-29T14:57:54","date_gmt":"2021-09-29T12:57:54","guid":{"rendered":"https:\/\/www.igb.cnr.it\/?page_id=6385"},"modified":"2024-11-22T15:04:59","modified_gmt":"2024-11-22T14:04:59","slug":"gjardis","status":"publish","type":"page","link":"https:\/\/www.igb.cnr.it\/index.php\/gjardis\/","title":{"rendered":"Gjardis"},"content":{"rendered":"\t\t<div data-elementor-type=\"wp-page\" data-elementor-id=\"6385\" class=\"elementor elementor-6385\" data-elementor-settings=\"{&quot;ha_cmc_init_switcher&quot;:&quot;no&quot;}\">\n\t\t\t\t\t\t<section class=\"elementor-section elementor-top-section elementor-element elementor-element-5329da7 elementor-section-boxed elementor-section-height-default elementor-section-height-default\" data-id=\"5329da7\" data-element_type=\"section\" data-e-type=\"section\" data-settings=\"{&quot;_ha_eqh_enable&quot;:false}\">\n\t\t\t\t\t\t<div class=\"elementor-container elementor-column-gap-default\">\n\t\t\t\t\t<div class=\"elementor-column elementor-col-100 elementor-top-column elementor-element elementor-element-3d05a620\" data-id=\"3d05a620\" data-element_type=\"column\" data-e-type=\"column\">\n\t\t\t<div class=\"elementor-widget-wrap elementor-element-populated\">\n\t\t\t\t\t\t<div class=\"elementor-element elementor-element-2cabe715 elementor-widget elementor-widget-heading\" data-id=\"2cabe715\" data-element_type=\"widget\" data-e-type=\"widget\" data-widget_type=\"heading.default\">\n\t\t\t\t<div class=\"elementor-widget-container\">\n\t\t\t\t\t<h2 class=\"elementor-heading-title elementor-size-default\">Gjardis<\/h2>\t\t\t\t<\/div>\n\t\t\t\t<\/div>\n\t\t\t\t<div class=\"elementor-element elementor-element-20c40dc7 elementor-widget elementor-widget-elementskit-heading\" data-id=\"20c40dc7\" data-element_type=\"widget\" data-e-type=\"widget\" data-widget_type=\"elementskit-heading.default\">\n\t\t\t\t<div class=\"elementor-widget-container\">\n\t\t\t\t\t<div class=\"ekit-wid-con\" ><div class=\"ekit-heading elementskit-section-title-wraper center   ekit_heading_tablet-   ekit_heading_mobile-\"><div class=\"ekit_heading_separetor_wraper ekit_heading_elementskit-border-divider ekit-dotted\"><div class=\"elementskit-border-divider ekit-dotted\"><\/div><\/div><\/div><\/div>\t\t\t\t<\/div>\n\t\t\t\t<\/div>\n\t\t\t\t\t<\/div>\n\t\t<\/div>\n\t\t\t\t\t<\/div>\n\t\t<\/section>\n\t\t\t\t<section class=\"elementor-section elementor-top-section elementor-element elementor-element-afe6da4 elementor-section-boxed elementor-section-height-default elementor-section-height-default\" data-id=\"afe6da4\" data-element_type=\"section\" data-e-type=\"section\" data-settings=\"{&quot;_ha_eqh_enable&quot;:false}\">\n\t\t\t\t\t\t<div class=\"elementor-container elementor-column-gap-default\">\n\t\t\t\t\t<div class=\"elementor-column elementor-col-100 elementor-top-column elementor-element elementor-element-8ace842\" data-id=\"8ace842\" data-element_type=\"column\" data-e-type=\"column\">\n\t\t\t<div class=\"elementor-widget-wrap elementor-element-populated\">\n\t\t\t\t\t\t<div class=\"elementor-element elementor-element-022c69f elementor-widget elementor-widget-text-editor\" data-id=\"022c69f\" data-element_type=\"widget\" data-e-type=\"widget\" data-widget_type=\"text-editor.default\">\n\t\t\t\t<div class=\"elementor-widget-container\">\n\t\t\t\t\t\t\t\t\t<p><span style=\"font-weight: 400;\">Named after Graziella Persico and John Guardiola, Neapolitan scientists of international fame, the GJARDiS association was established with the aim of promoting and supporting scientific and technological research, as well as dissemination in the disciplines of life sciences and biotechnology, both in the health and environmental fields.<\/span><\/p><p><span style=\"font-weight: 400;\">The Association is no profit and aims to:<\/span><\/p><ul><li style=\"font-weight: 400;\" aria-level=\"1\"><span style=\"font-weight: 400;\">Carry out activities for support and dissemination of scientific culture<\/span><\/li><li style=\"font-weight: 400;\" aria-level=\"1\"><span style=\"font-weight: 400;\">Organize advanced training courses and seminars<\/span><\/li><li style=\"font-weight: 400;\" aria-level=\"1\"><span style=\"font-weight: 400;\">Promote and collaborate in the organization of scientific conferences<\/span><\/li><li style=\"font-weight: 400;\" aria-level=\"1\"><span style=\"font-weight: 400;\">Promote collaborations and agreements with national and international scientific institutions<\/span><\/li><\/ul><h5 id=\"parent-fieldname-title\" class=\"documentFirstHeading kssattr-atfieldname-title kssattr-templateId-kss_generic_macros kssattr-macro-title-field-view\" style=\"text-align: center;\">Organizzazione<\/h5><div id=\"content-core\"><div id=\"parent-fieldname-text-17c119d5-fbd3-422e-aaac-6fe20324792f\" class=\" kssattr-atfieldname-text kssattr-templateId-widgets\/rich kssattr-macro-rich-field-view\">\u00a0<\/div><\/div>\t\t\t\t\t\t\t\t<\/div>\n\t\t\t\t<\/div>\n\t\t\t\t\t<\/div>\n\t\t<\/div>\n\t\t\t\t\t<\/div>\n\t\t<\/section>\n\t\t\t\t<section class=\"elementor-section elementor-top-section elementor-element elementor-element-f5cb3d0 elementor-section-boxed elementor-section-height-default elementor-section-height-default\" data-id=\"f5cb3d0\" data-element_type=\"section\" data-e-type=\"section\" data-settings=\"{&quot;_ha_eqh_enable&quot;:false}\">\n\t\t\t\t\t\t<div class=\"elementor-container elementor-column-gap-default\">\n\t\t\t\t\t<div class=\"elementor-column elementor-col-50 elementor-top-column elementor-element elementor-element-deb0c13\" data-id=\"deb0c13\" data-element_type=\"column\" data-e-type=\"column\">\n\t\t\t<div class=\"elementor-widget-wrap elementor-element-populated\">\n\t\t\t\t\t\t<div class=\"elementor-element elementor-element-e4e812f elementor-widget elementor-widget-text-editor\" data-id=\"e4e812f\" data-element_type=\"widget\" data-e-type=\"widget\" data-widget_type=\"text-editor.default\">\n\t\t\t\t<div class=\"elementor-widget-container\">\n\t\t\t\t\t\t\t\t\t<div id=\"content-core\"><div id=\"parent-fieldname-text-17c119d5-fbd3-422e-aaac-6fe20324792f\" class=\" kssattr-atfieldname-text kssattr-templateId-widgets\/rich kssattr-macro-rich-field-view\"><h5>Soci:<\/h5><p>Dr. Gian Carlo Bellenchi<br \/>Dr.\u00a0Alfredo Ciccodicola<br \/>Dr.\u00a0Sandro De Falco<br \/>Dr.\u00a0Roberto Defez<br \/>Dr.\u00a0Giovanna Del Pozzo<br \/>Dr.\u00a0Anna Digilio<br \/>Dr.\u00a0Elia Di Schiavi<\/p><\/div><\/div><p><a href=\"http:\/\/gjardis.igb.cnr.it\/\">http:\/\/gjardis.igb.cnr.it\/<\/a><\/p>\t\t\t\t\t\t\t\t<\/div>\n\t\t\t\t<\/div>\n\t\t\t\t\t<\/div>\n\t\t<\/div>\n\t\t\t\t<div class=\"elementor-column elementor-col-50 elementor-top-column elementor-element elementor-element-c7582e9\" data-id=\"c7582e9\" data-element_type=\"column\" data-e-type=\"column\">\n\t\t\t<div class=\"elementor-widget-wrap elementor-element-populated\">\n\t\t\t\t\t\t<div class=\"elementor-element elementor-element-fca0a09 elementor-widget elementor-widget-text-editor\" data-id=\"fca0a09\" data-element_type=\"widget\" data-e-type=\"widget\" data-widget_type=\"text-editor.default\">\n\t\t\t\t<div class=\"elementor-widget-container\">\n\t\t\t\t\t\t\t\t\t<h5>Organi:<\/h5><p>&#8211; \u00a0<i>Presidente<\/i> Dr. Marina Ciullo<br \/>&#8211; \u00a0<i>Vicepresidente <\/i>Dr. Maria Patrizia Stoppelli<br \/>&#8211; \u00a0<i>Tesoriere <\/i>Dr. Pasquale Barba<\/p>\t\t\t\t\t\t\t\t<\/div>\n\t\t\t\t<\/div>\n\t\t\t\t\t<\/div>\n\t\t<\/div>\n\t\t\t\t\t<\/div>\n\t\t<\/section>\n\t\t\t\t<section class=\"elementor-section elementor-top-section elementor-element elementor-element-0245da0 elementor-section-boxed elementor-section-height-default elementor-section-height-default\" data-id=\"0245da0\" data-element_type=\"section\" data-e-type=\"section\" data-settings=\"{&quot;_ha_eqh_enable&quot;:false}\">\n\t\t\t\t\t\t<div class=\"elementor-container elementor-column-gap-default\">\n\t\t\t\t\t<div class=\"elementor-column elementor-col-100 elementor-top-column elementor-element elementor-element-e96c5f2\" data-id=\"e96c5f2\" data-element_type=\"column\" data-e-type=\"column\">\n\t\t\t<div class=\"elementor-widget-wrap elementor-element-populated\">\n\t\t\t\t\t\t<div class=\"elementor-element elementor-element-a93324b elementor-widget elementor-widget-heading\" data-id=\"a93324b\" data-element_type=\"widget\" data-e-type=\"widget\" data-widget_type=\"heading.default\">\n\t\t\t\t<div class=\"elementor-widget-container\">\n\t\t\t\t\t<h2 class=\"elementor-heading-title elementor-size-default\">Ispiratori<\/h2>\t\t\t\t<\/div>\n\t\t\t\t<\/div>\n\t\t\t\t\t<\/div>\n\t\t<\/div>\n\t\t\t\t\t<\/div>\n\t\t<\/section>\n\t\t\t\t<section class=\"elementor-section elementor-top-section elementor-element elementor-element-1031b86 elementor-section-boxed elementor-section-height-default elementor-section-height-default\" data-id=\"1031b86\" data-element_type=\"section\" data-e-type=\"section\" data-settings=\"{&quot;_ha_eqh_enable&quot;:false}\">\n\t\t\t\t\t\t<div class=\"elementor-container elementor-column-gap-default\">\n\t\t\t\t\t<div class=\"elementor-column elementor-col-50 elementor-top-column elementor-element elementor-element-2cb9842\" data-id=\"2cb9842\" data-element_type=\"column\" data-e-type=\"column\">\n\t\t\t<div class=\"elementor-widget-wrap elementor-element-populated\">\n\t\t\t\t\t\t<div class=\"elementor-element elementor-element-7b88758 elementor-widget elementor-widget-text-editor\" data-id=\"7b88758\" data-element_type=\"widget\" data-e-type=\"widget\" data-widget_type=\"text-editor.default\">\n\t\t\t\t<div class=\"elementor-widget-container\">\n\t\t\t\t\t\t\t\t\t<h4>Graziella Persico (1950-2007)<\/h4>\t\t\t\t\t\t\t\t<\/div>\n\t\t\t\t<\/div>\n\t\t\t\t<div class=\"elementor-element elementor-element-ec7fbcd elementor-widget elementor-widget-image\" data-id=\"ec7fbcd\" data-element_type=\"widget\" data-e-type=\"widget\" data-widget_type=\"image.default\">\n\t\t\t\t<div class=\"elementor-widget-container\">\n\t\t\t\t\t\t\t\t\t\t\t\t\t\t\t<img decoding=\"async\" width=\"164\" height=\"182\" src=\"https:\/\/www.igb.cnr.it\/wp-content\/uploads\/2024\/11\/persico2.jpg\" class=\"attachment-large size-large wp-image-17656\" alt=\"\" \/>\t\t\t\t\t\t\t\t\t\t\t\t\t\t\t<\/div>\n\t\t\t\t<\/div>\n\t\t\t\t<div class=\"elementor-element elementor-element-33fbfba elementor-widget elementor-widget-text-editor\" data-id=\"33fbfba\" data-element_type=\"widget\" data-e-type=\"widget\" data-widget_type=\"text-editor.default\">\n\t\t\t\t<div class=\"elementor-widget-container\">\n\t\t\t\t\t\t\t\t\t<p>E\u2019 stata una donna straordinaria ed un\u2019eccezionale scienziata. Ha dato importanti contributi alla scienza che si estendono dalla Genetica umana alla Biologia del Cancro. Ha identificato il primo gene associato al cromosoma X, quello della glucosio-6-fosfato deidrogenasi, \u00a0la cui carenza \u00e8 implicata nel favismo, una importante patologia ereditaria umana. Inoltre, ha isolato i geni per CRPTO e PlGF, fattori extracellulari rilevanti per lo sviluppo umano oltre che per malattie cardiovascolari e tumorali. G. Persico si \u00e8 impegnata non soltanto nella ricerca sperimentale ma anche in varie attivit\u00e0 manageriali, avendo ideato ed organizzato nel Cilento uno dei maggiori studi genetici di popolazioni isolate in Italia.<br \/>Ha iniziato la serie degli <a class=\"external-link\" href=\"http:\/\/workshop.igb.cnr.it\">IGB Workshop<\/a>, convegni annuali internazionali di alto profilo scientifico e si e&#8217; dedicata con particolare entusiasmo alla formazione dei ragazzi, ai quali e\u2019 stata capace di trasmettere un grande rigore scientifico ed un\u2019enorme dedizione al\u00a0lavoro.\u00a0I colleghi la ricordano attraverso varie iniziative di commemorazione, tra cui la <a class=\"external-link\" href=\"http:\/\/www.igb.cnr.it\/gplecture\/\">Graziella Persico lecture<\/a>, che premia i giovani ricercatori pi\u00f9 meritevoli.<\/p>\t\t\t\t\t\t\t\t<\/div>\n\t\t\t\t<\/div>\n\t\t\t\t\t<\/div>\n\t\t<\/div>\n\t\t\t\t<div class=\"elementor-column elementor-col-50 elementor-top-column elementor-element elementor-element-bad7759\" data-id=\"bad7759\" data-element_type=\"column\" data-e-type=\"column\">\n\t\t\t<div class=\"elementor-widget-wrap elementor-element-populated\">\n\t\t\t\t\t\t<div class=\"elementor-element elementor-element-3ca5cba elementor-widget elementor-widget-text-editor\" data-id=\"3ca5cba\" data-element_type=\"widget\" data-e-type=\"widget\" data-widget_type=\"text-editor.default\">\n\t\t\t\t<div class=\"elementor-widget-container\">\n\t\t\t\t\t\t\t\t\t<h4>John Guardiola (1947-2004)<\/h4>\t\t\t\t\t\t\t\t<\/div>\n\t\t\t\t<\/div>\n\t\t\t\t<div class=\"elementor-element elementor-element-f249221 elementor-widget elementor-widget-image\" data-id=\"f249221\" data-element_type=\"widget\" data-e-type=\"widget\" data-widget_type=\"image.default\">\n\t\t\t\t<div class=\"elementor-widget-container\">\n\t\t\t\t\t\t\t\t\t\t\t\t\t\t\t<img decoding=\"async\" width=\"162\" height=\"184\" src=\"https:\/\/www.igb.cnr.it\/wp-content\/uploads\/2024\/11\/guardiola.jpg\" class=\"attachment-large size-large wp-image-17657\" alt=\"\" \/>\t\t\t\t\t\t\t\t\t\t\t\t\t\t\t<\/div>\n\t\t\t\t<\/div>\n\t\t\t\t<div class=\"elementor-element elementor-element-c278d73 elementor-widget elementor-widget-text-editor\" data-id=\"c278d73\" data-element_type=\"widget\" data-e-type=\"widget\" data-widget_type=\"text-editor.default\">\n\t\t\t\t<div class=\"elementor-widget-container\">\n\t\t\t\t\t\t\t\t\t<p>E&#8217; \u00a0stato il primo direttore dell\u2019Istituto di Genetica e Biofisica \u201cAdriano Buzzati Traverso\u201d che ha intitolato al suo fondatore, Adriano Buzzati Traverso ed ha portato nella sua attuale sede in via Castellino. I suoi studi hanno riguardato campi diversi, quali la regolazione genica nei batteri, la genetica molecolare, la biologia della risposta immune e lo sviluppo di nuovi vaccini ricombinanti. Queste attivit\u00e0, apparentemente cos\u00ec diverse erano ispirate da una visione unitaria ed interdisciplinare della Biologia. J.\u00a0 Guardiola \u00e8 stato un lucido ed appassionato insegnante con i suoi studenti, dottorandi e collaboratori, spronandoli con determinazione ma anche con affetto e comprensione.<\/p>\t\t\t\t\t\t\t\t<\/div>\n\t\t\t\t<\/div>\n\t\t\t\t\t<\/div>\n\t\t<\/div>\n\t\t\t\t\t<\/div>\n\t\t<\/section>\n\t\t\t\t<section class=\"elementor-section elementor-top-section elementor-element elementor-element-e114e8d elementor-section-boxed elementor-section-height-default elementor-section-height-default\" data-id=\"e114e8d\" data-element_type=\"section\" data-e-type=\"section\" data-settings=\"{&quot;_ha_eqh_enable&quot;:false}\">\n\t\t\t\t\t\t<div class=\"elementor-container elementor-column-gap-default\">\n\t\t\t\t\t<div class=\"elementor-column elementor-col-100 elementor-top-column elementor-element elementor-element-b7051a5\" data-id=\"b7051a5\" data-element_type=\"column\" data-e-type=\"column\">\n\t\t\t<div class=\"elementor-widget-wrap elementor-element-populated\">\n\t\t\t\t\t\t<div class=\"elementor-element elementor-element-0ad8434 elementor-widget elementor-widget-text-editor\" data-id=\"0ad8434\" data-element_type=\"widget\" data-e-type=\"widget\" data-widget_type=\"text-editor.default\">\n\t\t\t\t<div class=\"elementor-widget-container\">\n\t\t\t\t\t\t\t\t\t<h4 id=\"parent-fieldname-title\" class=\"documentFirstHeading kssattr-atfieldname-title kssattr-templateId-kss_generic_macros kssattr-macro-title-field-view\" style=\"text-align: center;\">Attivit\u00e0<\/h4>\t\t\t\t\t\t\t\t<\/div>\n\t\t\t\t<\/div>\n\t\t\t\t<div class=\"elementor-element elementor-element-d53ef42 elementor-widget elementor-widget-text-editor\" data-id=\"d53ef42\" data-element_type=\"widget\" data-e-type=\"widget\" data-widget_type=\"text-editor.default\">\n\t\t\t\t<div class=\"elementor-widget-container\">\n\t\t\t\t\t\t\t\t\t<h4><a href=\"https:\/\/www.igb.cnr.it\/index.php\/gjardis\/science_cafe\/\" rel=\"attachment wp-att-17671\"><img decoding=\"async\" class=\"size-full wp-image-17671 alignleft\" src=\"https:\/\/www.igb.cnr.it\/wp-content\/uploads\/2024\/11\/science_cafe.png\" alt=\"\" width=\"98\" height=\"117\" \/><\/a>Science Caf\u00e9\u00a0 &#8211; Caff\u00e8 scientifico<br \/><i>Imparare, discutere, bere un caff\u00e8. In libreria.<\/i><\/h4><p>I Science Caf\u00e9 sono incontri informali con i ricercatori dell\u2019Istituto di Genetica e Biofisica del Consiglio Nazionale delle Ricerche, presso la libreria FNAC, via Luca Giordano, Napoli. Eventi vivaci e rilassanti, si svolgono in un contesto informale e adatto alla socializzazione, sono gratuiti e aperti a tutti. L&#8217;obiettivo dei Science Caf\u00e9 \u00e8 quello di aiutare a leggere il \u201cdiscorso sulla vita\u201d, cio\u00e8 la biologia, una scienza che parla di noi, della nostra storia, di come funzioniamo.<\/p>\t\t\t\t\t\t\t\t<\/div>\n\t\t\t\t<\/div>\n\t\t\t\t\t<\/div>\n\t\t<\/div>\n\t\t\t\t\t<\/div>\n\t\t<\/section>\n\t\t\t\t<section class=\"elementor-section elementor-top-section elementor-element elementor-element-b072bb1 elementor-section-boxed elementor-section-height-default elementor-section-height-default\" data-id=\"b072bb1\" data-element_type=\"section\" data-e-type=\"section\" data-settings=\"{&quot;_ha_eqh_enable&quot;:false}\">\n\t\t\t\t\t\t<div class=\"elementor-container elementor-column-gap-default\">\n\t\t\t\t\t<div class=\"elementor-column elementor-col-50 elementor-top-column elementor-element elementor-element-9c87061\" data-id=\"9c87061\" data-element_type=\"column\" data-e-type=\"column\">\n\t\t\t<div class=\"elementor-widget-wrap elementor-element-populated\">\n\t\t\t\t\t\t<div class=\"elementor-element elementor-element-6619f99 elementor-widget elementor-widget-image\" data-id=\"6619f99\" data-element_type=\"widget\" data-e-type=\"widget\" data-widget_type=\"image.default\">\n\t\t\t\t<div class=\"elementor-widget-container\">\n\t\t\t\t\t\t\t\t\t\t\t\t\t\t\t<img loading=\"lazy\" decoding=\"async\" width=\"360\" height=\"270\" src=\"https:\/\/www.igb.cnr.it\/wp-content\/uploads\/2024\/11\/DSCN0366.jpg\" class=\"attachment-large size-large wp-image-17661\" alt=\"\" srcset=\"https:\/\/www.igb.cnr.it\/wp-content\/uploads\/2024\/11\/DSCN0366.jpg 360w, https:\/\/www.igb.cnr.it\/wp-content\/uploads\/2024\/11\/DSCN0366-300x225.jpg 300w\" sizes=\"(max-width: 360px) 100vw, 360px\" \/>\t\t\t\t\t\t\t\t\t\t\t\t\t\t\t<\/div>\n\t\t\t\t<\/div>\n\t\t\t\t\t<\/div>\n\t\t<\/div>\n\t\t\t\t<div class=\"elementor-column elementor-col-50 elementor-top-column elementor-element elementor-element-511869f\" data-id=\"511869f\" data-element_type=\"column\" data-e-type=\"column\">\n\t\t\t<div class=\"elementor-widget-wrap elementor-element-populated\">\n\t\t\t\t\t\t<div class=\"elementor-element elementor-element-7974e35 elementor-widget elementor-widget-image\" data-id=\"7974e35\" data-element_type=\"widget\" data-e-type=\"widget\" data-widget_type=\"image.default\">\n\t\t\t\t<div class=\"elementor-widget-container\">\n\t\t\t\t\t\t\t\t\t\t\t\t\t\t\t<img loading=\"lazy\" decoding=\"async\" width=\"400\" height=\"169\" src=\"https:\/\/www.igb.cnr.it\/wp-content\/uploads\/2024\/11\/preview.jpg\" class=\"attachment-large size-large wp-image-17665\" alt=\"\" srcset=\"https:\/\/www.igb.cnr.it\/wp-content\/uploads\/2024\/11\/preview.jpg 400w, https:\/\/www.igb.cnr.it\/wp-content\/uploads\/2024\/11\/preview-300x127.jpg 300w\" sizes=\"(max-width: 400px) 100vw, 400px\" \/>\t\t\t\t\t\t\t\t\t\t\t\t\t\t\t<\/div>\n\t\t\t\t<\/div>\n\t\t\t\t\t<\/div>\n\t\t<\/div>\n\t\t\t\t\t<\/div>\n\t\t<\/section>\n\t\t\t\t<section class=\"elementor-section elementor-top-section elementor-element elementor-element-1197754 elementor-section-boxed elementor-section-height-default elementor-section-height-default\" data-id=\"1197754\" data-element_type=\"section\" data-e-type=\"section\" data-settings=\"{&quot;_ha_eqh_enable&quot;:false}\">\n\t\t\t\t\t\t<div class=\"elementor-container elementor-column-gap-default\">\n\t\t\t\t\t<div class=\"elementor-column elementor-col-100 elementor-top-column elementor-element elementor-element-0be3d30\" data-id=\"0be3d30\" data-element_type=\"column\" data-e-type=\"column\">\n\t\t\t<div class=\"elementor-widget-wrap elementor-element-populated\">\n\t\t\t\t\t\t<div class=\"elementor-element elementor-element-7f225bb elementor-widget elementor-widget-text-editor\" data-id=\"7f225bb\" data-element_type=\"widget\" data-e-type=\"widget\" data-widget_type=\"text-editor.default\">\n\t\t\t\t<div class=\"elementor-widget-container\">\n\t\t\t\t\t\t\t\t\t<h4><a href=\"https:\/\/www.igb.cnr.it\/index.php\/gjardis\/dnainsuono-2\/\" rel=\"attachment wp-att-17670\"><img loading=\"lazy\" decoding=\"async\" class=\"alignnone size-full wp-image-17670\" src=\"https:\/\/www.igb.cnr.it\/wp-content\/uploads\/2024\/11\/dnainsuono.png\" alt=\"\" width=\"225\" height=\"78\" \/><\/a>Cosa \u00e8 scritto nel DNA?<br \/><i>DNA in suono \u00e8 un evento-laboratorio a cui partecipano ricercatori e musicisti per esplorare le potenzialit\u00e0 della musica nella divulgazione scientifica.<\/i><\/h4><div id=\"_mcePaste\">L\u2019espressione \u201c\u00e8 scritto nel DNA\u201d \u00e8 entrata nell&#8217;uso comune. Ma nel nostro DNA, cosa c\u2019\u00e8 veramente scritto? Grazie al Progetto Genoma Umano, il testo \u00e8 venuto alla luce, ma la lingua \u00e8 cos\u00ec difficile da decifrare, cosi diversa dai linguaggi umani, che solo gli addetti ai lavori provano a leggerlo. In questi eventi, le sequenze del genoma umano vengono \u201csuonate\u201d in modo che gli spettatori possano fare esperienza dell&#8217;informazione genetica in modo diretto ed intuitivo.<\/div><div>\u00a0<\/div>\t\t\t\t\t\t\t\t<\/div>\n\t\t\t\t<\/div>\n\t\t\t\t\t<\/div>\n\t\t<\/div>\n\t\t\t\t\t<\/div>\n\t\t<\/section>\n\t\t\t\t<section class=\"elementor-section elementor-top-section elementor-element elementor-element-06ca7f4 elementor-section-boxed elementor-section-height-default elementor-section-height-default\" data-id=\"06ca7f4\" data-element_type=\"section\" data-e-type=\"section\" data-settings=\"{&quot;_ha_eqh_enable&quot;:false}\">\n\t\t\t\t\t\t<div class=\"elementor-container elementor-column-gap-default\">\n\t\t\t\t\t<div class=\"elementor-column elementor-col-100 elementor-top-column elementor-element elementor-element-2241019\" data-id=\"2241019\" data-element_type=\"column\" data-e-type=\"column\">\n\t\t\t<div class=\"elementor-widget-wrap elementor-element-populated\">\n\t\t\t\t\t\t<div class=\"elementor-element elementor-element-d0858e9 elementor-widget elementor-widget-text-editor\" data-id=\"d0858e9\" data-element_type=\"widget\" data-e-type=\"widget\" data-widget_type=\"text-editor.default\">\n\t\t\t\t<div class=\"elementor-widget-container\">\n\t\t\t\t\t\t\t\t\t<div id=\"content-core\"><div id=\"parent-fieldname-text-6f607b35-cdb3-41dd-9c35-ac3c474b2cb5\" class=\" kssattr-atfieldname-text kssattr-templateId-widgets\/rich kssattr-macro-rich-field-view\"><h5>Contatti:<\/h5><p>Associazione per la Ricerca e Divulgazione Scientifica Graziella Persico e John Guardiola<br \/>Istituto di Genetica e Biofisica \u201dAdriano Buzzati Traverso\u201d<br \/>Via P. Castellino 111 &#8211; 80131 Napoli<br \/>email: GJARDiS@gmail.com<\/p><\/div><\/div>\t\t\t\t\t\t\t\t<\/div>\n\t\t\t\t<\/div>\n\t\t\t\t\t<\/div>\n\t\t<\/div>\n\t\t\t\t\t<\/div>\n\t\t<\/section>\n\t\t\t\t<\/div>\n\t\t","protected":false},"excerpt":{"rendered":"<p>Gjardis Named after Graziella Persico and John Guardiola, Neapolitan scientists of international fame, the GJARDiS association was established with the aim of promoting and supporting scientific and technological research, as well as dissemination in the disciplines of life sciences and biotechnology, both in the health and environmental fields. The Association is no profit and aims [&hellip;]<\/p>\n","protected":false},"author":1,"featured_media":0,"parent":0,"menu_order":0,"comment_status":"closed","ping_status":"closed","template":"","meta":{"cybocfi_hide_featured_image":"","footnotes":""},"class_list":["post-6385","page","type-page","status-publish","czr-hentry"],"_links":{"self":[{"href":"https:\/\/www.igb.cnr.it\/index.php\/wp-json\/wp\/v2\/pages\/6385","targetHints":{"allow":["GET"]}}],"collection":[{"href":"https:\/\/www.igb.cnr.it\/index.php\/wp-json\/wp\/v2\/pages"}],"about":[{"href":"https:\/\/www.igb.cnr.it\/index.php\/wp-json\/wp\/v2\/types\/page"}],"author":[{"embeddable":true,"href":"https:\/\/www.igb.cnr.it\/index.php\/wp-json\/wp\/v2\/users\/1"}],"replies":[{"embeddable":true,"href":"https:\/\/www.igb.cnr.it\/index.php\/wp-json\/wp\/v2\/comments?post=6385"}],"version-history":[{"count":22,"href":"https:\/\/www.igb.cnr.it\/index.php\/wp-json\/wp\/v2\/pages\/6385\/revisions"}],"predecessor-version":[{"id":17674,"href":"https:\/\/www.igb.cnr.it\/index.php\/wp-json\/wp\/v2\/pages\/6385\/revisions\/17674"}],"wp:attachment":[{"href":"https:\/\/www.igb.cnr.it\/index.php\/wp-json\/wp\/v2\/media?parent=6385"}],"curies":[{"name":"wp","href":"https:\/\/api.w.org\/{rel}","templated":true}]}}